{"id":303,"date":"2023-10-03T16:54:44","date_gmt":"2023-10-03T14:54:44","guid":{"rendered":"http:\/\/girbauconsulting.com\/cookies\/"},"modified":"2024-04-18T11:49:38","modified_gmt":"2024-04-18T09:49:38","slug":"politica-de-cookies","status":"publish","type":"page","link":"https:\/\/girbauconsulting.com\/es\/politica-de-cookies\/","title":{"rendered":"Pol\u00edtica de cookies"},"content":{"rendered":"<p class=\"p1\">Nuestro sitio web utiliza una tecnolog\u00eda llamada \u00abcookie\u00bb, con el fin de poder obtener informaci\u00f3n sobre el uso del sitio web, mejorar la experiencia del usuario y garantizar el su correcto funcionamiento.<\/p>\n<p>&nbsp;<\/p>\n<p>&nbsp;<\/p>\n<h3>Definici\u00f3n de Cookie<\/h3>\n<p>&nbsp;<\/p>\n<p class=\"p3\">Una \u00abcookie\u00bb es un peque\u00f1o fragmento de texto que los sitios web env\u00edan al navegador y que se almacenan en el terminal del usuario, (ordenador o dispositivo m\u00f3vil). Estos archivos tienen la finalidad de almacenar datos que podr\u00e1n ser actualizados y recuperadas por la entidad responsable de su instalaci\u00f3n. As\u00ed, cada vez que el usuario vuelve a visitar el mismo sitio web, el explorador recupera el archivo y lo env\u00eda al servidor del sitio web. Las cookies tienen varias funciones entre las que se incluyen, la de recoger informaci\u00f3n sobre las preferencias del usuario y recordarla, y en general, facilitar el uso del sitio web al usuario haciendo que el sitio sea m\u00e1s \u00fatil al personalizar su contenido.<\/p>\n<p>&nbsp;<\/p>\n<p class=\"p4\">Las cookies se pueden clasificar en base a diferentes par\u00e1metros:<\/p>\n<p>&nbsp;<\/p>\n<p class=\"p5\"><b>1. &#8211; Titularidad:<\/b> <span class=\"s1\">cookies propias y cookies de terceros:<\/span> dependiendo de cu\u00e1l sea la entidad que gestione el dominio desde donde se env\u00edan las cookies y se traten los datos que se obtengan.<\/p>\n<p class=\"p5\"><b>2. &#8211; Duraci\u00f3n:<\/b> <span class=\"s1\">cookies de sesi\u00f3n y cookies persistentes:<\/span> de acuerdo con el plazo de tiempo que permanecen almacenadas en el terminal del usuario.<\/p>\n<p class=\"p5\"><b>3. &#8211; Finalidad:<\/b> <span class=\"s1\">cookies t\u00e9cnicas, cookies de personalizaci\u00f3n, cookies de an\u00e1lisis, cookies publicitarias, cookies de publicidad comportamental,<\/span> de acuerdo con la finalidad para la que se traten los datos obtenidos.<\/p>\n<p>&nbsp;<\/p>\n<ul class=\"ul1\">\n<li class=\"li1\"><span class=\"s3\">Cookies t\u00e9cnicas:<\/span><span class=\"s4\"> Son aquellas que permiten al usuario la navegaci\u00f3n a trav\u00e9s de la p\u00e1gina web o aplicaci\u00f3n y la utilizaci\u00f3n de las diferentes opciones o servicios que en ella existen. Por ejemplo, controlar el tr\u00e1fico y la comunicaci\u00f3n de datos, identificar la sesi\u00f3n o acceder a las partes web de acceso restringido. <\/span><\/li>\n<li class=\"li1\"><span class=\"s3\">Cookies de personalizaci\u00f3n<\/span><span class=\"s4\">: Son aquellas que permiten al usuario acceder al servicio con algunas caracter\u00edsticas de car\u00e1cter general predefinidas en su terminal o que el propio usuario defina. Por ejemplo, el idioma, el tipo de navegador a trav\u00e9s del cual accede al servicio o el dise\u00f1o de contenidos seleccionado.<\/span><\/li>\n<li class=\"li1\"><span class=\"s3\">Cookies de an\u00e1lisis<\/span><span class=\"s4\">: Son aquellas que o bien tratadas por nosotros o por terceros, nos permiten cuantificar el n\u00famero de usuarios y as\u00ed realizar el an\u00e1lisis estad\u00edstico de la utilizaci\u00f3n que hacen los usuarios del servicio ofrecido. Para ello se analiza su navegaci\u00f3n en nuestra p\u00e1gina web para mejorar la oferta de productos o servicios que le ofrecemos.<\/span><\/li>\n<li class=\"li1\"><span class=\"s3\">Cookies publicitarias:<\/span><span class=\"s4\"> Son aquellas que permiten la gesti\u00f3n, de la forma m\u00e1s eficaz posible, los espacios publicitarios que, en su caso, el editor haya incluido en una p\u00e1gina web, aplicaci\u00f3n o plataforma desde la que presta el servicio solicitado sobre la base de criterios como el contenido editado o la frecuencia en a que se muestran los anuncios.<\/span><\/li>\n<li class=\"li1\"><span class=\"s3\">Cookies de publicidad comportamental:<\/span><span class=\"s4\"> Son aquellas que permiten la gesti\u00f3n, de la manera m\u00e1s eficaz posible, de los espacios publicitarios que, en su caso, el editor haya incluido en una p\u00e1gina web, aplicaci\u00f3n o plataforma desde la que presta el servicio solicitado. Estas cookies almacenan informaci\u00f3n del comportamiento de los usuarios obtenida a trav\u00e9s de la observaci\u00f3n continuada de sus h\u00e1bitos de navegaci\u00f3n, lo que permite desarrollar un perfil espec\u00edfico para mostrar publicidad en funci\u00f3n del mismo.<\/span><\/li>\n<\/ul>\n<p>&nbsp;<\/p>\n<p>&nbsp;<\/p>\n<h3>Cookies utilizadas en nuestro sitio web<\/h3>\n<p>&nbsp;<\/p>\n<p class=\"p1\">Nuestro sitio web utiliza tanto cookies propias, que son las enviadas a su ordenador y gestionadas exclusivamente por nosotros para el mejor funcionamiento del sitio web, como cookies de terceros, con la funci\u00f3n de servirnos como herramienta de an\u00e1lisis de la interacci\u00f3n los usuarios con nuestra web, gracias a ellas obtenemos una informaci\u00f3n que puede ayudar a mejorar la navegaci\u00f3n y dar un mejor servicio a los usuarios y clientes.<\/p>\n<p>&nbsp;<\/p>\n<p class=\"p1\">Nuestro sitio web utiliza tanto cookies temporales de sesi\u00f3n, como cookies persistentes. Las cookies de sesi\u00f3n almacenan datos \u00fanicamente mientras el usuario accede a la web y las cookies persistentes almacenan los datos en el terminal para que sean accedidas y utilizadas en m\u00e1s de una sesi\u00f3n.<\/p>\n<p>&nbsp;<\/p>\n<p class=\"p7\">Concretamente las cookies utilizadas en nuestro sitio web que no son t\u00e9cnicas o de personalizaci\u00f3n, y que por tanto precisan de consentimiento del usuario son:<\/p>\n<p>&nbsp;<\/p>\n<table class=\"t1\" cellspacing=\"0\" cellpadding=\"0\">\n<tbody>\n<tr>\n<td class=\"td1\" valign=\"top\">\n<p class=\"p10\"><b>Nombre<\/b><\/p>\n<\/td>\n<td class=\"td2\" valign=\"middle\">\n<p class=\"p10\"><b>Titular<\/b><\/p>\n<\/td>\n<td class=\"td3\" valign=\"top\">\n<p class=\"p10\"><b>Finalidad<\/b><\/p>\n<\/td>\n<td class=\"td4\" valign=\"top\">\n<p class=\"p10\"><b>Duraci\u00f3n<\/b><\/p>\n<\/td>\n<\/tr>\n<tr>\n<td class=\"td5\" valign=\"middle\">\n<p class=\"p11\">_ga<\/p>\n<p class=\"p11\">_ga_YLKG017Y8Y<\/p>\n<\/td>\n<td class=\"td6\" valign=\"middle\">\n<p class=\"p11\">.girbauconsulting.com<\/p>\n<\/td>\n<td class=\"td7\" valign=\"middle\">\n<p class=\"p13\">Anal\u00edtica:<\/p>\n<p class=\"p13\">instalada por Google Analytics, calcula los datos de visitantes, sesiones y campa\u00f1as y tambi\u00e9n realiza un seguimiento del uso del sitio para el informe anal\u00edtico del sitio. La cookie almacena informaci\u00f3n de forma an\u00f3nima y asigna un n\u00famero generado aleatoriamente para reconocer a visitantes \u00fanicos.<\/p>\n<\/td>\n<td class=\"td8\" valign=\"middle\">\n<p class=\"p14\">1 a\u00f1o y 35 d\u00edas<\/p>\n<\/td>\n<\/tr>\n<\/tbody>\n<\/table>\n<p class=\"p16\">Para obtener m\u00e1s informaci\u00f3n sobre las cookies de terceros puede clicar en<span class=\"Apple-converted-space\">\u00a0 <\/span><a href=\"https:\/\/developers.google.com\/analytics\/devguides\/collection\/analyticsjs\/cookie-usage?hl=es\"><span class=\"s5\">Google Analytics.<\/span><\/a><\/p>\n<p class=\"p7\">Finalmente, tambi\u00e9n se utilizan cookies de complemento (plug-in) para intercambiar contenidos sociales.<\/p>\n<p>&nbsp;<\/p>\n<p>&nbsp;<\/p>\n<h3>Consentimiento<\/h3>\n<p>&nbsp;<\/p>\n<p class=\"p19\">El consentimiento para el uso de las cookies antes enunciadas, por los plazos se\u00f1alados y en las condiciones contenidas en la presente Pol\u00edtica de Cookies, se obtendr\u00e1 con la aceptaci\u00f3n del aviso inicial de informaci\u00f3n sobre las cookies que se visualiza en el momento en que carga nuestra web.<\/p>\n<p>&nbsp;<\/p>\n<p class=\"p19\">El empleo de cookies anal\u00edticas de Google implica una transmisi\u00f3n de datos a estas compa\u00f1\u00edas ubicadas en los Estados Unidos de Am\u00e9rica. Los Estados Unidos y la Uni\u00f3n Europea tienen un acuerdo Marco de Privacidad aprobado por la Decisi\u00f3n de Ejecuci\u00f3n de la Comisi\u00f3n de 10.7.2023 de acuerdo con el Reglamento (UE) 2016\/679 del Parlamento Europeo y del Consejo. Puede encontrar m\u00e1s informaci\u00f3n en la pol\u00edtica de privacidad de<a href=\"https:\/\/policies.google.com\/privacy?hl=es\"><span class=\"s5\"> Google<\/span><\/a>.<\/p>\n<p>&nbsp;<\/p>\n<p>&nbsp;<\/p>\n<h3>Retirada del consentimiento<\/h3>\n<p>&nbsp;<\/p>\n<p class=\"p19\">El usuario puede retirar su consentimiento para el uso de cookies en cualquier momento. Para ello, puede usar el bot\u00f3n de la web que haya a tal efecto o eliminar las cookies de su navegador.<\/p>\n<p>&nbsp;<\/p>\n<p>&nbsp;<\/p>\n<h3>\u00bfC\u00f3mo deshabilitar las cookies en los principales navegadores?<\/h3>\n<p>&nbsp;<\/p>\n<p class=\"p19\">Aunque puede variar ligeramente de una versi\u00f3n de navegador a otra, la configuraci\u00f3n de la pol\u00edtica de cookies para los navegadores m\u00e1s utilizados es la siguiente:<\/p>\n<p>&nbsp;<\/p>\n<ul class=\"ul1\">\n<li class=\"li23\"><span class=\"s6\"><a href=\"https:\/\/support.microsoft.com\/es-es\/help\/4468242\/microsoft-edge-browsing-data-and-privacy-microsoft-privacy\"><span class=\"s7\">Edge<\/span><\/a><\/span><span class=\"s8\">\u00a0 <\/span><\/li>\n<li class=\"li24\"><span class=\"s9\"><a href=\"https:\/\/support.mozilla.org\/es\/kb\/clear-cookies-and-site-data-firefox\"><span class=\"s7\">FireFox<\/span><\/a><\/span><\/li>\n<li class=\"li24\"><span class=\"s9\"><a href=\"https:\/\/support.google.com\/chrome\/answer\/95647?hl=es\"><span class=\"s7\">Chrome<\/span><\/a><\/span><span class=\"s10\">\u00a0 <\/span><\/li>\n<li class=\"li24\"><span class=\"s9\"><a href=\"https:\/\/support.apple.com\/es-es\/guide\/safari\/manage-cookies-and-website-data-sfri11471\/mac\"><span class=\"s7\">Safari (mac)\u00a0<\/span><\/a><\/span><\/li>\n<li class=\"li24\"><span class=\"s9\"><a href=\"https:\/\/support.apple.com\/es-es\/HT201265\"><span class=\"s7\">Safari (iPhone\/iPad)<\/span><\/a><\/span><\/li>\n<li class=\"li24\"><span class=\"s9\"><a href=\"https:\/\/help.opera.com\/en\/latest\/web-preferences\/#cookies\"><span class=\"s7\">Opera\u00a0<\/span><\/a><\/span><\/li>\n<\/ul>\n<p>&nbsp;<\/p>\n<p class=\"p5\">Adem\u00e1s, tambi\u00e9n puede gestionar el almac\u00e9n de cookies en su navegador a trav\u00e9s de herramientas como las siguientes:<\/p>\n<p>&nbsp;<\/p>\n<ul class=\"ul2\">\n<li class=\"li26\"><span class=\"s11\"><a href=\"https:\/\/www.youronlinechoices.com\/es\/\"><span class=\"s12\">Your online choices<\/span><\/a><\/span><\/li>\n<li class=\"li26\"><span class=\"s11\"><a href=\"https:\/\/www.ghostery.com\/\"><span class=\"s12\">Ghostery<\/span><\/a><\/span><\/li>\n<\/ul>\n<p>&nbsp;<\/p>\n<p>&nbsp;<\/p>\n<h3>Actualizaci\u00f3n de la pol\u00edtica de cookies<\/h3>\n<p>&nbsp;<\/p>\n<p class=\"p1\">Este sitio web puede modificar esta Pol\u00edtica sobre Cookies, por ello le recomendamos revisar esta pol\u00edtica cada vez que acceda a nuestro sitio web para estar adecuadamente informado sobre el uso que hacemos de las cookies.<\/p>\n<p class=\"p28\">\u00daltima actualizaci\u00f3n: Mar\u00e7 2024<\/p>\n","protected":false},"excerpt":{"rendered":"<p>Nuestro sitio web utiliza una tecnolog\u00eda llamada \u00abcookie\u00bb, con el fin de poder obtener informaci\u00f3n sobre el uso del sitio web, mejorar la experiencia del usuario y garantizar el su correcto funcionamiento. &nbsp; &nbsp; Definici\u00f3n de Cookie &nbsp; Una \u00abcookie\u00bb es un peque\u00f1o fragmento de texto que los sitios web env\u00edan al navegador y que [&hellip;]<\/p>\n","protected":false},"author":1,"featured_media":0,"parent":0,"menu_order":13,"comment_status":"closed","ping_status":"closed","template":"","meta":{"_acf_changed":false,"footnotes":""},"class_list":["post-303","page","type-page","status-publish","hentry"],"acf":[],"_links":{"self":[{"href":"https:\/\/girbauconsulting.com\/es\/wp-json\/wp\/v2\/pages\/303","targetHints":{"allow":["GET"]}}],"collection":[{"href":"https:\/\/girbauconsulting.com\/es\/wp-json\/wp\/v2\/pages"}],"about":[{"href":"https:\/\/girbauconsulting.com\/es\/wp-json\/wp\/v2\/types\/page"}],"author":[{"embeddable":true,"href":"https:\/\/girbauconsulting.com\/es\/wp-json\/wp\/v2\/users\/1"}],"replies":[{"embeddable":true,"href":"https:\/\/girbauconsulting.com\/es\/wp-json\/wp\/v2\/comments?post=303"}],"version-history":[{"count":6,"href":"https:\/\/girbauconsulting.com\/es\/wp-json\/wp\/v2\/pages\/303\/revisions"}],"predecessor-version":[{"id":1134,"href":"https:\/\/girbauconsulting.com\/es\/wp-json\/wp\/v2\/pages\/303\/revisions\/1134"}],"wp:attachment":[{"href":"https:\/\/girbauconsulting.com\/es\/wp-json\/wp\/v2\/media?parent=303"}],"curies":[{"name":"wp","href":"https:\/\/api.w.org\/{rel}","templated":true}]}}