{"id":304,"date":"2023-10-03T16:55:00","date_gmt":"2023-10-03T14:55:00","guid":{"rendered":"http:\/\/girbauconsulting.com\/politica-de-privacitat\/"},"modified":"2024-04-18T11:04:46","modified_gmt":"2024-04-18T09:04:46","slug":"politica-de-privacidad","status":"publish","type":"page","link":"https:\/\/girbauconsulting.com\/es\/politica-de-privacidad\/","title":{"rendered":"Pol\u00edtica de privacidad"},"content":{"rendered":"<p class=\"p1\">Versi\u00f3n<span class=\"s1\"><span class=\"Apple-converted-space\">\u00a0 <\/span><\/span><span class=\"s2\">Mar\u00e7 2024<\/span><\/p>\n<p>&nbsp;<\/p>\n<p class=\"p3\"><span class=\"s2\">GIRBAU CONSULTING SLP<\/span> se compromete a proteger la privacidad de los usuarios que accedan a esta web y\/o cualquiera de sus servicios. La utilizaci\u00f3n de la web y\/o de cualquiera de los servicios ofrecidos por <span class=\"s2\">GIRBAU CONSULTING SLP <\/span> implica la aceptaci\u00f3n por el usuario de las disposiciones contenidas en la presente Pol\u00edtica de Privacidad y que sus datos personales sean tratados seg\u00fan se estipula en ella. Por favor, tenga en cuenta que a pesar de que pueda haber enlaces de nuestra web a otras webs o redes sociales, esta Pol\u00edtica de Privacidad no se aplica a las webs de otras compa\u00f1\u00edas u organizaciones a las que la web est\u00e9 redirigida. <span class=\"s2\">GIRBAU CONSULTING SLP <\/span>no controla el contenido de las webs de terceros, ni acepta cualquier responsabilidad por el contenido o las pol\u00edticas de privacidad de estas webs.<\/p>\n<p>&nbsp;<\/p>\n<p>&nbsp;<\/p>\n<h3>Informaci\u00f3n b\u00e1sica sobre el tratamiento de datos (Reglamento (UE) 2016\/679 y LO 3\/2018)<\/h3>\n<p>&nbsp;<\/p>\n<table class=\"t1\" cellspacing=\"0\" cellpadding=\"0\">\n<tbody>\n<tr>\n<td class=\"td1\" valign=\"middle\">\n<p class=\"p6\"><span class=\"s3\"><b>Responsable del tratamiento<\/b><\/span><\/p>\n<\/td>\n<td class=\"td2\" valign=\"middle\">\n<p class=\"p7\">GIRBAU CONSULTING SLP<\/p>\n<p class=\"p8\">NIF: B63627392<\/p>\n<p class=\"p8\">Av. dels Pa\u00efsos Catalans, 5 B<span class=\"Apple-converted-space\">\u00a0 <\/span>08500<span class=\"Apple-converted-space\">\u00a0 <\/span>Vic<\/p>\n<p class=\"p7\"><span class=\"s3\">Email: <a href=\"mailto:girbau@girbauconsulting.com\">girbau@girbauconsulting.com<\/a><\/span><\/p>\n<\/td>\n<\/tr>\n<tr>\n<td class=\"td3\" valign=\"middle\">\n<p class=\"p6\"><span class=\"s3\"><b>Finalidad del tratamiento<\/b><\/span><\/p>\n<\/td>\n<td class=\"td4\" valign=\"middle\">\n<p class=\"p9\"><span class=\"s3\">Ofrecer y gestionar nuestros servicios de oficina t\u00e9cnica ambiental.<\/span><\/p>\n<\/td>\n<\/tr>\n<tr>\n<td class=\"td5\" valign=\"middle\">\n<p class=\"p6\"><span class=\"s3\"><b>Legitimaci\u00f3n<\/b><\/span><\/p>\n<\/td>\n<td class=\"td6\" valign=\"middle\">\n<p class=\"p10\">Consentimiento obtenido del interesado cuando nos solicita informaci\u00f3n.<\/p>\n<p class=\"p11\"><span class=\"s3\">Ejecuci\u00f3n del contrato de servicios cuando contrata con nosotros.<\/span><\/p>\n<\/td>\n<\/tr>\n<tr>\n<td class=\"td3\" valign=\"middle\">\n<p class=\"p6\"><span class=\"s3\"><b>Destinatarios<\/b><\/span><\/p>\n<\/td>\n<td class=\"td4\" valign=\"middle\">\n<p class=\"p9\"><span class=\"s3\">Los datos no ser\u00e1n comunicados a terceros, salvo que lo exija una Ley o sea necesario para cumplir con la finalidad del tratamiento.<\/span><\/p>\n<\/td>\n<\/tr>\n<tr>\n<td class=\"td7\" valign=\"middle\">\n<p class=\"p6\"><span class=\"s3\"><b>Derechos de las personas<\/b><\/span><\/p>\n<\/td>\n<td class=\"td8\" valign=\"middle\">\n<p class=\"p9\"><span class=\"s3\">Los interesados tienen derecho a ejercer los derechos de acceso, rectificaci\u00f3n, limitaci\u00f3n de tratamiento, supresi\u00f3n, portabilidad y oposici\u00f3n, enviando su solicitud a nuestra direcci\u00f3n.<\/span><\/p>\n<\/td>\n<\/tr>\n<tr>\n<td class=\"td9\" valign=\"middle\">\n<p class=\"p6\"><span class=\"s3\"><b>Plazo de conservaci\u00f3n de los datos<\/b><\/span><\/p>\n<\/td>\n<td class=\"td10\" valign=\"middle\">\n<p class=\"p9\"><span class=\"s3\">Mientras se mantenga la relaci\u00f3n comercial o durante los a\u00f1os necesarios para cumplir con las obligaciones legales.<\/span><\/p>\n<\/td>\n<\/tr>\n<tr>\n<td class=\"td5\" valign=\"middle\">\n<p class=\"p6\"><span class=\"s3\"><b>Reclamaci\u00f3n<\/b><\/span><\/p>\n<\/td>\n<td class=\"td6\" valign=\"middle\">\n<p class=\"p9\"><span class=\"s3\">Los interesados pueden dirigirse a la AEPD para presentar la reclamaci\u00f3n que considere oportuna.<\/span><\/p>\n<\/td>\n<\/tr>\n<tr>\n<td class=\"td11\" valign=\"middle\">\n<p class=\"p6\"><span class=\"s3\"><b>Informaci\u00f3n adicional<\/b><\/span><\/p>\n<\/td>\n<td class=\"td12\" valign=\"middle\">\n<p class=\"p11\"><span class=\"s3\">Puede consultar la informaci\u00f3n adicional y detallada a continuaci\u00f3n en las \u00abPreguntas sobre privacidad\u00bb.<\/span><\/p>\n<\/td>\n<\/tr>\n<\/tbody>\n<\/table>\n<p>&nbsp;<\/p>\n<p>&nbsp;<\/p>\n<h3>Preguntas sobre privacidad<\/h3>\n<p>&nbsp;<\/p>\n<p class=\"p13\">En cumplimiento del Reglamento (UE) 2016\/679 del Parlamento Europeo y del Consejo, de 27 de abril de 2016, (RGPD), y la Ley Org\u00e1nica 3\/2018, de 5 de diciembre, de Protecci\u00f3n de Datos Personales y garant\u00eda de los derechos digitales (LOPDGDD), le ofrecemos la siguiente informaci\u00f3n sobre el tratamiento de sus datos personales:<\/p>\n<p>&nbsp;<\/p>\n<p>&nbsp;<\/p>\n<h3>\u00bfQui\u00e9n es el responsable del tratamiento de sus datos?<\/h3>\n<p>&nbsp;<\/p>\n<p class=\"p13\">Identidad: GIRBAU CONSULTING SLP<\/p>\n<p class=\"p4\">NIF: B63627392<\/p>\n<p class=\"p13\">Direcci\u00f3n: Av. dels Pa\u00efsos Catalans, 5 B<span class=\"Apple-converted-space\">\u00a0 <\/span>08500<span class=\"Apple-converted-space\">\u00a0 <\/span>Vic<\/p>\n<p class=\"p13\">Tel.: 938541169<\/p>\n<p class=\"p13\">Email: <a href=\"mailto:girbau@girbauconsulting.com\">girbau@girbauconsulting.com<\/a><\/p>\n<p>&nbsp;<\/p>\n<p>&nbsp;<\/p>\n<h3>\u00bfCon qu\u00e9 finalidad tratamos sus datos personales?<\/h3>\n<p>&nbsp;<\/p>\n<ul class=\"ul1\">\n<li class=\"li14\"><span class=\"s3\">Tratamos la informaci\u00f3n que se nos facilita para gestionar nuestros servicios de oficina t\u00e9cnica ambiental.<\/span><\/li>\n<li class=\"li14\"><span class=\"s3\">En el caso de que se ponga en contacto con nosotros a trav\u00e9s del formulario de contacto de nuestra p\u00e1gina web, los trataremos para gestionar su consulta.<\/span><\/li>\n<li class=\"li14\"><span class=\"s3\">Tambi\u00e9n podremos utilizar sus datos para informarle sobre nuestras actividades, productos o servicios cuando usted ya sea cliente nuestro o, si no lo es, cuando nos haya proporcionado su consentimiento para hacerlo.<\/span><\/li>\n<\/ul>\n<p>&nbsp;<\/p>\n<p>&nbsp;<\/p>\n<h3>\u00bfCu\u00e1nto tiempo conservaremos sus datos?<\/h3>\n<p>&nbsp;<\/p>\n<p class=\"p3\">Los datos personales proporcionados se conservar\u00e1n mientras sea usuario de nuestros servicios o quiera recibir informaci\u00f3n, dado que puede oponerse al tratamiento de sus datos con fines promocionales, cuando nos los facilite o en cualquier momento posterior, <span class=\"s2\">comunic\u00e1ndonoslo al correo <a href=\"mailto:girbau@girbauconsulting.com\">girbau@girbauconsulting.com<\/a><\/span>,<span class=\"Apple-converted-space\">\u00a0 <\/span>y luego, durante los plazos establecidos para cumplir con nuestras obligaciones legales, que en el caso documentaci\u00f3n contable y fiscal a efectos mercantiles ser\u00e1n 6 a\u00f1os, de conformidad con el Art. 30 del C\u00f3digo Comercio, y a efectos fiscales ser\u00e1n 4 a\u00f1os, de acuerdo con los art\u00edculos 66 a 70 de la Ley General Tributaria.<\/p>\n<p class=\"p3\">\n<p>&nbsp;<\/p>\n<h3>\u00bfCu\u00e1l es la legitimaci\u00f3n para el tratamiento de sus datos?<\/h3>\n<p>&nbsp;<\/p>\n<p class=\"p16\">Para la gesti\u00f3n de la relaci\u00f3n contractual con el interesado basaremos el tratamiento de los datos en la ejecuci\u00f3n del contrato o en el marco de la relaci\u00f3n precontractual.<\/p>\n<p>&nbsp;<\/p>\n<p class=\"p18\">Para el env\u00edo de informaci\u00f3n comercial basaremos el tratamiento en su consentimiento, aunque si ya es cliente nuestro, podremos enviarle informaci\u00f3n sobre nuestros productos y servicios, proporcionando siempre un medio sencillo y gratuito para darse de baja, de acuerdo con lo dispuesto en el art\u00edculo 21.2 de la Ley 34\/2002, de 11 de julio, de servicios de la sociedad de la informaci\u00f3n y de comercio electr\u00f3nico.<\/p>\n<p class=\"p18\">Respecto a aquella informaci\u00f3n que sea remitida por menores de 14 a\u00f1os, ser\u00e1 requisito imprescindible que se haga con el consentimiento paterno, del tutor o del legal representante del menor para que los datos personales puedan ser objeto de tratamiento. Si no es as\u00ed, el representante legal del menor nos lo comunicar\u00e1 tan pronto como tenga conocimiento.<\/p>\n<p>&nbsp;<\/p>\n<p>&nbsp;<\/p>\n<h3>\u00bfA qu\u00e9 destinatarios se comunicar\u00e1n sus datos?<\/h3>\n<p>&nbsp;<\/p>\n<p class=\"p20\">Los datos no ser\u00e1n comunicados a terceros, salvo que lo exija una Ley o sea necesario para cumplir con la finalidad del tratamiento.<\/p>\n<p>&nbsp;<\/p>\n<p>&nbsp;<\/p>\n<h3>\u00bfCu\u00e1les son sus derechos cuando nos facilita sus datos?<\/h3>\n<p>&nbsp;<\/p>\n<ul class=\"ul1\">\n<li class=\"li21\"><span class=\"s3\">Cualquier persona tiene derecho a obtener confirmaci\u00f3n sobre si estamos tratando o no sus datos personales.<\/span><\/li>\n<li class=\"li21\"><span class=\"s3\">Los interesados tienen derecho a <b>acceder <\/b>a sus datos personales, as\u00ed como a solicitar la <b>rectificaci\u00f3n<\/b> de los datos inexactos o, en su caso, solicitar su <b>supresi\u00f3n <\/b>cuando, entre otros motivos, los datos ya no sean necesarios para las finalidades para las que se recogieron.<\/span><\/li>\n<li class=\"li21\"><span class=\"s3\">En determinadas circunstancias los interesados podr\u00e1n solicitar la <b>limitaci\u00f3n del tratamiento <\/b>de sus datos, en este caso \u00fanicamente los conservaremos para el ejercicio o la defensa de reclamaciones.<\/span><\/li>\n<li class=\"li21\"><span class=\"s3\">Tambi\u00e9n, en determinadas circunstancias y por motivos relacionados con su situaci\u00f3n particular, los interesados pueden <b>oponerse al tratamiento<\/b> de sus datos. En este caso dejaremos de tratar los datos, excepto por motivos leg\u00edtimos imperiosos o para el ejercicio o la defensa de posibles reclamaciones.<\/span><\/li>\n<li class=\"li21\"><span class=\"s3\">Los interesados tambi\u00e9n tienen derecho a la <b>portabilidad <\/b>de sus datos.<\/span><\/li>\n<li class=\"li21\"><span class=\"s3\">Todo interesado tendr\u00e1 derecho a <b>no ser objeto de una decisi\u00f3n basada \u00fanicamente en el tratamiento automatizado,<\/b> incluida la elaboraci\u00f3n de perfiles, que produzca efectos jur\u00eddicos en \u00e9l o le afecte significativamente de modo similar.<\/span><\/li>\n<li class=\"li21\"><span class=\"s3\">Finalmente, los interesados tienen derecho a presentar una reclamaci\u00f3n ante la Autoridad de Control competente.<\/span><\/li>\n<\/ul>\n<p class=\"p18\">\n<p>&nbsp;<\/p>\n<h3>\u00bfC\u00f3mo puede ejercer sus derechos?<\/h3>\n<p>&nbsp;<\/p>\n<p class=\"p18\">Enviando un escrito adjuntando una copia de un documento que lo identifique, a nuestra direcci\u00f3n f\u00edsica o la electr\u00f3nica.<\/p>\n<p>&nbsp;<\/p>\n<p>&nbsp;<\/p>\n<h3>\u00bfC\u00f3mo hemos obtenido sus datos?<\/h3>\n<p>&nbsp;<\/p>\n<p class=\"p18\">Los datos personales que tratamos proceden del propio interesado. El interesado garantiza que los datos personales facilitados son ciertos y se hace responsable de comunicar cualquier modificaci\u00f3n de estos. Los datos que est\u00e9n marcados con un asterisco ser\u00e1n obligatorios para poder darle el servicio solicitado.<\/p>\n<p class=\"p16\"><b>\u00a0<\/b><\/p>\n<p>&nbsp;<\/p>\n<h3>\u00bfQu\u00e9 datos tratamos?<\/h3>\n<p>&nbsp;<\/p>\n<p class=\"p18\">Las categor\u00edas de datos que podemos tratar en la prestaci\u00f3n de nuestros servicios son:<\/p>\n<p>&nbsp;<\/p>\n<ul class=\"ul1\">\n<li class=\"li21\"><span class=\"s3\">Datos de car\u00e1cter identificativo<\/span><\/li>\n<li class=\"li14\"><span class=\"s3\">Direcciones postales o electr\u00f3nicas<\/span><\/li>\n<\/ul>\n<p>&nbsp;<\/p>\n<p class=\"p23\">Los datos son limitados, dado que \u00fanicamente tratamos los datos necesarios para la prestaci\u00f3n de nuestros servicios y la gesti\u00f3n de nuestra actividad.<\/p>\n<p>&nbsp;<\/p>\n<p>&nbsp;<\/p>\n<h3>\u00bfUsamos cookies?<\/h3>\n<p>&nbsp;<\/p>\n<p class=\"p3\">Utilizamos cookies durante la navegaci\u00f3n en nuestra web con el consentimiento del usuario.<\/p>\n<p class=\"p3\">El usuario puede configurar su navegador para ser avisado de la utilizaci\u00f3n de cookies y para evitar su uso. Por favor, visite nuestra pol\u00edtica de cookies.<\/p>\n<p>&nbsp;<\/p>\n<p>&nbsp;<\/p>\n<h3>\u00a0\u00bfQu\u00e9 medidas de seguridad aplicamos?<\/h3>\n<p>&nbsp;<\/p>\n<p class=\"p18\">Aplicamos las medidas de seguridad establecidas en el art\u00edculo 32 del RGPD, por tanto, hemos adoptado las medidas de seguridad necesarias para garantizar un nivel de seguridad adecuado al riesgo del tratamiento de datos que realizamos, con mecanismos que nos permiten garantizar la confidencialidad, integridad, disponibilidad y resiliencia permanente de los sistemas y servicios de tratamiento.<\/p>\n<p class=\"p23\">Algunas de estas medidas son:<\/p>\n<p>&nbsp;<\/p>\n<ul class=\"ul1\">\n<li class=\"li21\"><span class=\"s3\">Informaci\u00f3n de las pol\u00edticas de tratamiento de datos al personal.<\/span><\/li>\n<li class=\"li21\"><span class=\"s3\">Realizaci\u00f3n de copias de seguridad peri\u00f3dicas.<\/span><\/li>\n<li class=\"li21\"><span class=\"s3\">Control de acceso a los datos.<\/span><\/li>\n<li class=\"li21\"><span class=\"s3\">Procesos de verificaci\u00f3n, evaluaci\u00f3n y valoraci\u00f3n regulares.<\/span><\/li>\n<\/ul>\n","protected":false},"excerpt":{"rendered":"<p>Versi\u00f3n\u00a0 Mar\u00e7 2024 &nbsp; GIRBAU CONSULTING SLP se compromete a proteger la privacidad de los usuarios que accedan a esta web y\/o cualquiera de sus servicios. La utilizaci\u00f3n de la web y\/o de cualquiera de los servicios ofrecidos por GIRBAU CONSULTING SLP implica la aceptaci\u00f3n por el usuario de las disposiciones contenidas en la presente [&hellip;]<\/p>\n","protected":false},"author":1,"featured_media":0,"parent":0,"menu_order":16,"comment_status":"closed","ping_status":"closed","template":"","meta":{"_acf_changed":false,"footnotes":""},"class_list":["post-304","page","type-page","status-publish","hentry"],"acf":[],"_links":{"self":[{"href":"https:\/\/girbauconsulting.com\/es\/wp-json\/wp\/v2\/pages\/304","targetHints":{"allow":["GET"]}}],"collection":[{"href":"https:\/\/girbauconsulting.com\/es\/wp-json\/wp\/v2\/pages"}],"about":[{"href":"https:\/\/girbauconsulting.com\/es\/wp-json\/wp\/v2\/types\/page"}],"author":[{"embeddable":true,"href":"https:\/\/girbauconsulting.com\/es\/wp-json\/wp\/v2\/users\/1"}],"replies":[{"embeddable":true,"href":"https:\/\/girbauconsulting.com\/es\/wp-json\/wp\/v2\/comments?post=304"}],"version-history":[{"count":9,"href":"https:\/\/girbauconsulting.com\/es\/wp-json\/wp\/v2\/pages\/304\/revisions"}],"predecessor-version":[{"id":1124,"href":"https:\/\/girbauconsulting.com\/es\/wp-json\/wp\/v2\/pages\/304\/revisions\/1124"}],"wp:attachment":[{"href":"https:\/\/girbauconsulting.com\/es\/wp-json\/wp\/v2\/media?parent=304"}],"curies":[{"name":"wp","href":"https:\/\/api.w.org\/{rel}","templated":true}]}}