{"id":305,"date":"2023-10-03T16:55:12","date_gmt":"2023-10-03T14:55:12","guid":{"rendered":"http:\/\/girbauconsulting.com\/avis-legal\/"},"modified":"2024-04-18T11:08:08","modified_gmt":"2024-04-18T09:08:08","slug":"aviso-legal","status":"publish","type":"page","link":"https:\/\/girbauconsulting.com\/es\/aviso-legal\/","title":{"rendered":"Aviso legal"},"content":{"rendered":"<h3>Informaci\u00f3n de conformidad con el art\u00edculo 10 de la LSSI<\/h3>\n<p>&nbsp;<\/p>\n<p class=\"p3\"><b>La titular de esta web es:<\/b><\/p>\n<p class=\"p4\">Identidad: GIRBAU CONSULTING SLP<\/p>\n<p class=\"p5\">NIF: B63627392<\/p>\n<p class=\"p4\">Direcci\u00f3n: Av. dels Pa\u00efsos Catalans, 5 B<span class=\"Apple-converted-space\">\u00a0 <\/span>08500<span class=\"Apple-converted-space\">\u00a0 <\/span>Vic<\/p>\n<p class=\"p4\">Tel.: 938541169<\/p>\n<p class=\"p4\">Email: <a href=\"mailto:girbau@girbauconsulting.com\">girbau@girbauconsulting.com<\/a><\/p>\n<p class=\"p6\">Inscrita en el Registro Mercantil de Barcelona Tomo 36951, Folio 88, Secc. 8, Hoja B 292842<\/p>\n<p>&nbsp;<\/p>\n<p>&nbsp;<\/p>\n<h3>Condiciones de uso<\/h3>\n<p>&nbsp;<\/p>\n<p class=\"p3\">\u00a0El uso de esta web implica la aceptaci\u00f3n plena de los t\u00e9rminos y condiciones del presente aviso legal.<\/p>\n<p class=\"p8\">\n<p>&nbsp;<\/p>\n<h3>Propiedad intelectual e industrial<\/h3>\n<p>&nbsp;<\/p>\n<p class=\"p4\">La totalidad del contenido de este sitio web, ya sean textos, im\u00e1genes, sonidos, marcas, logotipos u otros elementos, as\u00ed como subestructura, dise\u00f1o, combinaciones de colores o forma de presentaci\u00f3n de los materiales, est\u00e1n protegidos por derechos de propiedad industrial e intelectual que el usuario de este sitio web debe respetar.\u00a0No es l\u00edcita su transformaci\u00f3n o alteraci\u00f3n, comunicaci\u00f3n p\u00fablica o cualquier otra forma de explotaci\u00f3n por cualquier procedimiento sin la autorizaci\u00f3n expresa de <span class=\"s1\">GIRBAU CONSULTING SLP.<\/span><\/p>\n<p>&nbsp;<\/p>\n<p>&nbsp;<\/p>\n<h3>Responsabilidad sobre los contenidos<\/h3>\n<p>&nbsp;<\/p>\n<p class=\"p4\">Aunque GIRBAU CONSULTING SLP act\u00faa con la m\u00e1xima diligencia posible, puede darse el caso de que alg\u00fan dato o informaci\u00f3n no est\u00e9 del todo actualizada en el momento que el usuario del sitio web lo consulte. Por ello, las informaciones que se presentan en esta web tienen una funci\u00f3n orientativa y no obligan a GIRBAU CONSULTING SLP.<\/p>\n<p>&nbsp;<\/p>\n<p class=\"p4\">GIRBAU CONSULTING SLP no ser\u00e1 responsable de la informaci\u00f3n que se pueda obtener a trav\u00e9s de enlaces incluidos en su web.<\/p>\n<p class=\"p4\">GIRBAU CONSULTING SLP se reserva la facultad de realizar, en cualquier momento y sin necesidad de preaviso, modificaciones o actualizaciones de la informaci\u00f3n y de cualquiera de los elementos que integren el dise\u00f1o y configuraci\u00f3n de la p\u00e1gina web.<\/p>\n<p>&nbsp;<\/p>\n<p>&nbsp;<\/p>\n<h3>Ley aplicable y jurisdicci\u00f3n:<\/h3>\n<p>&nbsp;<\/p>\n<p class=\"p4\">El uso de este sitio web implica la aceptaci\u00f3n plena de los t\u00e9rminos y condiciones de la presente pol\u00edtica legal. Los posibles conflictos relativos a esta web se regir\u00e1n o interpretar\u00e1n conforme a la legislaci\u00f3n espa\u00f1ola y se someter\u00e1n a los Juzgados y Tribunales del domicilio del usuario, cuando este tenga la condici\u00f3n de consumidor o usuario de conformidad con el art. 3 del Real Decreto Legislativo 1\/2007, de 16 de noviembre, por el que se aprueba el texto refundido de la Ley General para la Defensa de los Consumidores y Usuarios y otras leyes complementarias; en caso contrario, ser\u00e1n competentes los Juzgados y Tribunales del domicilio de GIRBAU CONSULTING SLP.<\/p>\n","protected":false},"excerpt":{"rendered":"<p>Informaci\u00f3n de conformidad con el art\u00edculo 10 de la LSSI &nbsp; La titular de esta web es: Identidad: GIRBAU CONSULTING SLP NIF: B63627392 Direcci\u00f3n: Av. dels Pa\u00efsos Catalans, 5 B\u00a0 08500\u00a0 Vic Tel.: 938541169 Email: girbau@girbauconsulting.com Inscrita en el Registro Mercantil de Barcelona Tomo 36951, Folio 88, Secc. 8, Hoja B 292842 &nbsp; &nbsp; Condiciones [&hellip;]<\/p>\n","protected":false},"author":1,"featured_media":0,"parent":0,"menu_order":17,"comment_status":"closed","ping_status":"closed","template":"","meta":{"_acf_changed":false,"footnotes":""},"class_list":["post-305","page","type-page","status-publish","hentry"],"acf":[],"_links":{"self":[{"href":"https:\/\/girbauconsulting.com\/es\/wp-json\/wp\/v2\/pages\/305","targetHints":{"allow":["GET"]}}],"collection":[{"href":"https:\/\/girbauconsulting.com\/es\/wp-json\/wp\/v2\/pages"}],"about":[{"href":"https:\/\/girbauconsulting.com\/es\/wp-json\/wp\/v2\/types\/page"}],"author":[{"embeddable":true,"href":"https:\/\/girbauconsulting.com\/es\/wp-json\/wp\/v2\/users\/1"}],"replies":[{"embeddable":true,"href":"https:\/\/girbauconsulting.com\/es\/wp-json\/wp\/v2\/comments?post=305"}],"version-history":[{"count":13,"href":"https:\/\/girbauconsulting.com\/es\/wp-json\/wp\/v2\/pages\/305\/revisions"}],"predecessor-version":[{"id":1129,"href":"https:\/\/girbauconsulting.com\/es\/wp-json\/wp\/v2\/pages\/305\/revisions\/1129"}],"wp:attachment":[{"href":"https:\/\/girbauconsulting.com\/es\/wp-json\/wp\/v2\/media?parent=305"}],"curies":[{"name":"wp","href":"https:\/\/api.w.org\/{rel}","templated":true}]}}